{"id":3020,"date":"2025-04-16T06:17:11","date_gmt":"2025-04-16T04:17:11","guid":{"rendered":"https:\/\/iuritcorp.com\/?page_id=3020"},"modified":"2026-04-28T07:46:26","modified_gmt":"2026-04-28T05:46:26","slug":"aviso-legal","status":"publish","type":"page","link":"https:\/\/iuritcorp.com\/en\/aviso-legal\/","title":{"rendered":"Legal Notice"},"content":{"rendered":"<p>En cumplimiento con el deber de informaci\u00f3n establecido en la normativa vigente, se informa de los siguientes datos:<\/p>\n\n\n\n<p>Titular: IURIT LLC<br>NIF\/CIF: 36-5104510<br>Domicilio: 30 N Gould St Ste R, Sheridan, Estados Unidos<br>Correo electr\u00f3nico: info@iuritcorp.com<\/p>\n\n\n\n<p>IURIT LLC es una entidad dedicada a la prestaci\u00f3n de servicios de asesor\u00eda fiscal y legal, as\u00ed como consultor\u00eda estrat\u00e9gica para particulares y empresas.<\/p>\n\n\n\n<p>El acceso y uso del sitio web atribuye la condici\u00f3n de usuario e implica la aceptaci\u00f3n plena de las condiciones aqu\u00ed recogidas.<\/p>\n\n\n\n<p><strong>PROPIEDAD INTELECTUAL<br><\/strong>Todos los contenidos del sitio web (textos, im\u00e1genes, logotipos, dise\u00f1o, estructura) son propiedad de IURIT LLC, quedando prohibida su reproducci\u00f3n, distribuci\u00f3n o uso sin autorizaci\u00f3n expresa.<\/p>\n\n\n\n<p><strong>RESPONSABILIDAD<br><\/strong>La informaci\u00f3n contenida en este sitio web tiene car\u00e1cter informativo. IURIT LLC no se hace responsable del uso indebido de la informaci\u00f3n ni de decisiones tomadas exclusivamente en base a los contenidos del sitio.<\/p>\n\n\n\n<p><strong>PROTECCI\u00d3N DE DATOS<br><\/strong>El tratamiento de los datos personales se regula conforme a lo establecido en nuestra Pol\u00edtica de Privacidad.<\/p>\n\n\n\n<p>Puedes ejercer tus derechos de acceso, rectificaci\u00f3n, supresi\u00f3n y otros escribiendo a: info@iuritcorp.com<\/p>\n\n\n\n<p><strong>COMUNICACIONES<br><\/strong>El usuario podr\u00e1 darse de baja de comunicaciones comerciales en cualquier momento enviando un email a info@iuritcorp.com indicando \u201cBAJA\u201d.<\/p>","protected":false},"excerpt":{"rendered":"<p>En cumplimiento con el deber de informaci\u00f3n establecido en la normativa vigente, se informa de los siguientes datos: Titular: IURIT [&hellip;]<\/p>\n","protected":false},"author":1,"featured_media":2639,"parent":0,"menu_order":0,"comment_status":"closed","ping_status":"closed","template":"","meta":{"_eb_attr":"","om_disable_all_campaigns":false,"_monsterinsights_skip_tracking":false,"_monsterinsights_sitenote_active":false,"_monsterinsights_sitenote_note":"","_monsterinsights_sitenote_category":0,"site-sidebar-layout":"default","site-content-layout":"","ast-site-content-layout":"","site-content-style":"default","site-sidebar-style":"default","ast-global-header-display":"","ast-banner-title-visibility":"","ast-main-header-display":"","ast-hfb-above-header-display":"","ast-hfb-below-header-display":"","ast-hfb-mobile-header-display":"","site-post-title":"","ast-breadcrumbs-content":"","ast-featured-img":"disabled","footer-sml-layout":"","theme-transparent-header-meta":"","adv-header-id-meta":"","stick-header-meta":"","header-above-stick-meta":"","header-main-stick-meta":"","header-below-stick-meta":"","astra-migrate-meta-layouts":"default","ast-page-background-enabled":"default","ast-page-background-meta":{"desktop":{"background-color":"var(--ast-global-color-4)","background-image":"","background-repeat":"repeat","background-position":"center center","background-size":"auto","background-attachment":"scroll","background-type":"","background-media":"","overlay-type":"","overlay-color":"","overlay-gradient":""},"tablet":{"background-color":"","background-image":"","background-repeat":"repeat","background-position":"center center","background-size":"auto","background-attachment":"scroll","background-type":"","background-media":"","overlay-type":"","overlay-color":"","overlay-gradient":""},"mobile":{"background-color":"","background-image":"","background-repeat":"repeat","background-position":"center center","background-size":"auto","background-attachment":"scroll","background-type":"","background-media":"","overlay-type":"","overlay-color":"","overlay-gradient":""}},"ast-content-background-meta":{"desktop":{"background-color":"var(--ast-global-color-5)","background-image":"","background-repeat":"repeat","background-position":"center center","background-size":"auto","background-attachment":"scroll","background-type":"","background-media":"","overlay-type":"","overlay-color":"","overlay-gradient":""},"tablet":{"background-color":"var(--ast-global-color-5)","background-image":"","background-repeat":"repeat","background-position":"center center","background-size":"auto","background-attachment":"scroll","background-type":"","background-media":"","overlay-type":"","overlay-color":"","overlay-gradient":""},"mobile":{"background-color":"var(--ast-global-color-5)","background-image":"","background-repeat":"repeat","background-position":"center center","background-size":"auto","background-attachment":"scroll","background-type":"","background-media":"","overlay-type":"","overlay-color":"","overlay-gradient":""}},"footnotes":""},"class_list":["post-3020","page","type-page","status-publish","has-post-thumbnail","hentry"],"_links":{"self":[{"href":"https:\/\/iuritcorp.com\/en\/wp-json\/wp\/v2\/pages\/3020","targetHints":{"allow":["GET"]}}],"collection":[{"href":"https:\/\/iuritcorp.com\/en\/wp-json\/wp\/v2\/pages"}],"about":[{"href":"https:\/\/iuritcorp.com\/en\/wp-json\/wp\/v2\/types\/page"}],"author":[{"embeddable":true,"href":"https:\/\/iuritcorp.com\/en\/wp-json\/wp\/v2\/users\/1"}],"replies":[{"embeddable":true,"href":"https:\/\/iuritcorp.com\/en\/wp-json\/wp\/v2\/comments?post=3020"}],"version-history":[{"count":8,"href":"https:\/\/iuritcorp.com\/en\/wp-json\/wp\/v2\/pages\/3020\/revisions"}],"predecessor-version":[{"id":4344,"href":"https:\/\/iuritcorp.com\/en\/wp-json\/wp\/v2\/pages\/3020\/revisions\/4344"}],"wp:featuredmedia":[{"embeddable":true,"href":"https:\/\/iuritcorp.com\/en\/wp-json\/wp\/v2\/media\/2639"}],"wp:attachment":[{"href":"https:\/\/iuritcorp.com\/en\/wp-json\/wp\/v2\/media?parent=3020"}],"curies":[{"name":"wp","href":"https:\/\/api.w.org\/{rel}","templated":true}]}}