{"id":4345,"date":"2026-04-28T07:39:39","date_gmt":"2026-04-28T05:39:39","guid":{"rendered":"https:\/\/iuritcorp.com\/?page_id=4345"},"modified":"2026-04-28T07:48:09","modified_gmt":"2026-04-28T05:48:09","slug":"politica-de-reembolsos","status":"publish","type":"page","link":"https:\/\/iuritcorp.com\/en\/politica-de-reembolsos\/","title":{"rendered":"Pol\u00edtica de Reembolsos"},"content":{"rendered":"<h3 class=\"wp-block-heading\">1. NATURALEZA DEL SERVICIO<\/h3>\n\n\n\n<p>Los servicios ofrecidos por IURIT LLC consisten en asesor\u00eda y consultor\u00eda personalizada, considerados servicios digitales de car\u00e1cter inmediato.<\/p>\n\n\n\n<hr class=\"wp-block-separator has-alpha-channel-opacity\"\/>\n\n\n\n<h3 class=\"wp-block-heading\">2. REEMBOLSOS<\/h3>\n\n\n\n<p>No se realizar\u00e1n reembolsos una vez prestado el servicio.<\/p>\n\n\n\n<hr class=\"wp-block-separator has-alpha-channel-opacity\"\/>\n\n\n\n<h3 class=\"wp-block-heading\">3. CANCELACIONES<\/h3>\n\n\n\n<p>El cliente podr\u00e1 solicitar la reprogramaci\u00f3n de la sesi\u00f3n si avisa con al menos 24 horas de antelaci\u00f3n.<\/p>\n\n\n\n<hr class=\"wp-block-separator has-alpha-channel-opacity\"\/>\n\n\n\n<h3 class=\"wp-block-heading\">4. NO ASISTENCIA<\/h3>\n\n\n\n<p>En caso de no asistencia sin previo aviso:<\/p>\n\n\n\n<ul class=\"wp-block-list\">\n<li>El servicio se considerar\u00e1 prestado<\/li>\n\n\n\n<li>No habr\u00e1 derecho a reembolso<\/li>\n<\/ul>\n\n\n\n<hr class=\"wp-block-separator has-alpha-channel-opacity\"\/>\n\n\n\n<h3 class=\"wp-block-heading\">5. CASOS EXCEPCIONALES<\/h3>\n\n\n\n<p>En situaciones justificadas, IURIT podr\u00e1 valorar reembolsos parciales o reprogramaciones.<\/p>\n\n\n\n<hr class=\"wp-block-separator has-alpha-channel-opacity\"\/>\n\n\n\n<h3 class=\"wp-block-heading\">6. CONTACTO<\/h3>\n\n\n\n<p>Para cualquier incidencia:<\/p>\n\n\n\n<p>info@iuritcorp.com<\/p>","protected":false},"excerpt":{"rendered":"<p>1. NATURALEZA DEL SERVICIO Los servicios ofrecidos por IURIT LLC consisten en asesor\u00eda y consultor\u00eda personalizada, considerados servicios digitales de [&hellip;]<\/p>\n","protected":false},"author":1,"featured_media":2639,"parent":0,"menu_order":0,"comment_status":"closed","ping_status":"closed","template":"","meta":{"_eb_attr":"","om_disable_all_campaigns":false,"_monsterinsights_skip_tracking":false,"_monsterinsights_sitenote_active":false,"_monsterinsights_sitenote_note":"","_monsterinsights_sitenote_category":0,"site-sidebar-layout":"default","site-content-layout":"","ast-site-content-layout":"","site-content-style":"default","site-sidebar-style":"default","ast-global-header-display":"","ast-banner-title-visibility":"","ast-main-header-display":"","ast-hfb-above-header-display":"","ast-hfb-below-header-display":"","ast-hfb-mobile-header-display":"","site-post-title":"","ast-breadcrumbs-content":"","ast-featured-img":"disabled","footer-sml-layout":"","theme-transparent-header-meta":"","adv-header-id-meta":"","stick-header-meta":"","header-above-stick-meta":"","header-main-stick-meta":"","header-below-stick-meta":"","astra-migrate-meta-layouts":"default","ast-page-background-enabled":"default","ast-page-background-meta":{"desktop":{"background-color":"var(--ast-global-color-4)","background-image":"","background-repeat":"repeat","background-position":"center center","background-size":"auto","background-attachment":"scroll","background-type":"","background-media":"","overlay-type":"","overlay-color":"","overlay-gradient":""},"tablet":{"background-color":"","background-image":"","background-repeat":"repeat","background-position":"center center","background-size":"auto","background-attachment":"scroll","background-type":"","background-media":"","overlay-type":"","overlay-color":"","overlay-gradient":""},"mobile":{"background-color":"","background-image":"","background-repeat":"repeat","background-position":"center center","background-size":"auto","background-attachment":"scroll","background-type":"","background-media":"","overlay-type":"","overlay-color":"","overlay-gradient":""}},"ast-content-background-meta":{"desktop":{"background-color":"var(--ast-global-color-5)","background-image":"","background-repeat":"repeat","background-position":"center center","background-size":"auto","background-attachment":"scroll","background-type":"","background-media":"","overlay-type":"","overlay-color":"","overlay-gradient":""},"tablet":{"background-color":"var(--ast-global-color-5)","background-image":"","background-repeat":"repeat","background-position":"center center","background-size":"auto","background-attachment":"scroll","background-type":"","background-media":"","overlay-type":"","overlay-color":"","overlay-gradient":""},"mobile":{"background-color":"var(--ast-global-color-5)","background-image":"","background-repeat":"repeat","background-position":"center center","background-size":"auto","background-attachment":"scroll","background-type":"","background-media":"","overlay-type":"","overlay-color":"","overlay-gradient":""}},"footnotes":""},"class_list":["post-4345","page","type-page","status-publish","has-post-thumbnail","hentry"],"aioseo_notices":[],"_links":{"self":[{"href":"https:\/\/iuritcorp.com\/en\/wp-json\/wp\/v2\/pages\/4345","targetHints":{"allow":["GET"]}}],"collection":[{"href":"https:\/\/iuritcorp.com\/en\/wp-json\/wp\/v2\/pages"}],"about":[{"href":"https:\/\/iuritcorp.com\/en\/wp-json\/wp\/v2\/types\/page"}],"author":[{"embeddable":true,"href":"https:\/\/iuritcorp.com\/en\/wp-json\/wp\/v2\/users\/1"}],"replies":[{"embeddable":true,"href":"https:\/\/iuritcorp.com\/en\/wp-json\/wp\/v2\/comments?post=4345"}],"version-history":[{"count":1,"href":"https:\/\/iuritcorp.com\/en\/wp-json\/wp\/v2\/pages\/4345\/revisions"}],"predecessor-version":[{"id":4346,"href":"https:\/\/iuritcorp.com\/en\/wp-json\/wp\/v2\/pages\/4345\/revisions\/4346"}],"wp:featuredmedia":[{"embeddable":true,"href":"https:\/\/iuritcorp.com\/en\/wp-json\/wp\/v2\/media\/2639"}],"wp:attachment":[{"href":"https:\/\/iuritcorp.com\/en\/wp-json\/wp\/v2\/media?parent=4345"}],"curies":[{"name":"wp","href":"https:\/\/api.w.org\/{rel}","templated":true}]}}